{"id":75,"date":"2010-12-11T08:43:11","date_gmt":"2010-12-11T06:43:11","guid":{"rendered":"http:\/\/www.mairie-facilement.com\/?page_id=75"},"modified":"2010-12-11T08:43:59","modified_gmt":"2010-12-11T06:43:59","slug":"liens-utiles","status":"publish","type":"page","link":"https:\/\/www.mairie-facilement.com\/?page_id=75","title":{"rendered":"Liens utiles"},"content":{"rendered":"<p><a href=\"http:\/\/www.caf.fr\/\" target=\"_blank\"><strong>Caisse d&rsquo;allocations familiales<\/strong><br \/>\n<\/a>Suivi des dossiers d&rsquo;allocations familiales, paiements, remboursements, attestations, calcul de l&rsquo;aide au logement.<\/p>\n<p><a href=\"http:\/\/www.ameli.fr\/\" target=\"_blank\"><strong>S\u00e9curit\u00e9 Sociale<\/strong><strong><br \/>\n<\/strong><\/a>Consultations des remboursements de la s\u00e9curit\u00e9 sociale et informations.<\/p>\n<p><a href=\"http:\/\/www.cnous.fr\/\" target=\"_blank\"><strong>Etudiants<\/strong><strong><br \/>\n<\/strong><\/a>Demande de bourse ou de logement \u00e9tudiant.<\/p>\n<p><a href=\"http:\/\/www.interieur.gouv.fr\/\" target=\"_blank\"><strong>Carte nationale d&rsquo;identit\u00e9<\/strong><br \/>\n<\/a>Suivi des demandes de cartes nationales d&rsquo;identit\u00e9.<\/p>\n<p><a href=\"https:\/\/www.cjn.justice.gouv.fr\/cjn\/b3\/eje20\" target=\"_blank\"><strong>Casier judiciaire<\/strong><br \/>\n<\/a>Demande d&rsquo;extrait de casier &#8211; bulletin n\u00b03<br \/>\nLes envois de bulletins n\u00b03 sont effectu\u00e9s par lettre recommand\u00e9e avec accus\u00e9 r\u00e9ception lorsque le bulletin porte mention d&rsquo;une condamnation.<\/p>\n<p><a href=\"http:\/\/www.pole-emploi.fr\/\" target=\"_blank\"><strong>P\u00f4le Emploi<\/strong><br \/>\n<\/a>Consultation ou abonnement aux offres d&#8217;emplois et candidatures aux annonces du P\u00f4le Emploi<br \/>\nToutes informations concernant les droits au ch\u00f4mage.<\/p>\n<p><a href=\"http:\/\/www.apec.fr\/\" target=\"_blank\"><strong>APEC<\/strong><strong><br \/>\n<\/strong><\/a>Consultation ou abonnement aux offres d&#8217;emploi et candidatures aux annonces APEC.<\/p>\n<p><a href=\"http:\/\/www.impots.gouv.fr\/\" target=\"_blank\"><strong>Imp\u00f4ts<\/strong><strong><br \/>\n<\/strong><\/a>Calcul du montant de son imposition, d\u00e9claration en ligne, demande de mensualisation.<\/p>\n<p><a href=\"http:\/\/www.service-public.fr\/\" target=\"_blank\"><strong>Service Public<\/strong><br \/>\n<\/a>Vos droits et d\u00e9marches, formulaires, adresses utiles.<\/p>\n","protected":false},"excerpt":{"rendered":"<p>Caisse d&rsquo;allocations familiales Suivi des dossiers d&rsquo;allocations familiales, paiements, remboursements, attestations, calcul de l&rsquo;aide au logement. S\u00e9curit\u00e9 Sociale Consultations des remboursements de la s\u00e9curit\u00e9 sociale et informations. Etudiants Demande de bourse ou de logement \u00e9tudiant. Carte nationale d&rsquo;identit\u00e9 Suivi des demandes de cartes nationales d&rsquo;identit\u00e9. Casier judiciaire Demande d&rsquo;extrait de casier &#8211; bulletin n\u00b03 Les [&hellip;]<\/p>\n","protected":false},"author":1,"featured_media":0,"parent":18,"menu_order":0,"comment_status":"closed","ping_status":"closed","template":"","meta":{"footnotes":""},"class_list":["post-75","page","type-page","status-publish","hentry"],"_links":{"self":[{"href":"https:\/\/www.mairie-facilement.com\/index.php?rest_route=\/wp\/v2\/pages\/75","targetHints":{"allow":["GET"]}}],"collection":[{"href":"https:\/\/www.mairie-facilement.com\/index.php?rest_route=\/wp\/v2\/pages"}],"about":[{"href":"https:\/\/www.mairie-facilement.com\/index.php?rest_route=\/wp\/v2\/types\/page"}],"author":[{"embeddable":true,"href":"https:\/\/www.mairie-facilement.com\/index.php?rest_route=\/wp\/v2\/users\/1"}],"replies":[{"embeddable":true,"href":"https:\/\/www.mairie-facilement.com\/index.php?rest_route=%2Fwp%2Fv2%2Fcomments&post=75"}],"version-history":[{"count":3,"href":"https:\/\/www.mairie-facilement.com\/index.php?rest_route=\/wp\/v2\/pages\/75\/revisions"}],"predecessor-version":[{"id":78,"href":"https:\/\/www.mairie-facilement.com\/index.php?rest_route=\/wp\/v2\/pages\/75\/revisions\/78"}],"up":[{"embeddable":true,"href":"https:\/\/www.mairie-facilement.com\/index.php?rest_route=\/wp\/v2\/pages\/18"}],"wp:attachment":[{"href":"https:\/\/www.mairie-facilement.com\/index.php?rest_route=%2Fwp%2Fv2%2Fmedia&parent=75"}],"curies":[{"name":"wp","href":"https:\/\/api.w.org\/{rel}","templated":true}]}}