{"id":71,"date":"2010-12-10T20:02:01","date_gmt":"2010-12-10T18:02:01","guid":{"rendered":"http:\/\/www.mairie-facilement.com\/?page_id=71"},"modified":"2010-12-10T20:09:07","modified_gmt":"2010-12-10T18:09:07","slug":"demarches","status":"publish","type":"page","link":"https:\/\/www.mairie-facilement.com\/?page_id=71","title":{"rendered":"D\u00e9marches"},"content":{"rendered":"<p><span style=\"text-decoration: underline;\"><strong>Comment faire pour demander une carte nationale  d&rsquo;identit\u00e9?<\/strong><br \/>\n<\/span>S&rsquo;adresser \u00e0 la mairie de votre domicile muni de  :<br \/>\n&#8211; 2 photos d&rsquo;identit\u00e9 identiques et r\u00e9centes<br \/>\n&#8211; une copie int\u00e9grale  d&rsquo;acte de naissance ou de livret de famille des parents<br \/>\n&#8211; un justificatif de  domicile<br \/>\n&#8211; l&rsquo;ancienne carte \u00e0 renouveler ou la d\u00e9claration de perte + un  timbre fiscal de 25 \u20ac<br \/>\n&#8211; le livret de famille<br \/>\n&#8211; pr\u00e9cisez votre  taille<br \/>\n<strong><a href=\"http:\/\/vosdroits.service-public.fr\/particuliers\/N19810.xhtml\" target=\"_blank\">Pour en  savoir plus, cliquez ici<\/a><\/strong><\/p>\n<p><strong><span style=\"text-decoration: underline;\">D\u00e9claration de naissance<br \/>\n<\/span><\/strong>La d\u00e9claration de  naissance est obligatoire, elle s&rsquo;effectue \u00e0 la mairie du lieu de  l&rsquo;accouchement.<br \/>\nPour la d\u00e9claration d&rsquo;un enfant naturel, adressez-vous \u00e0  n&rsquo;importe quelle mairie.<\/p>\n<p><strong><span style=\"text-decoration: underline;\">Mariage<br \/>\n<\/span><\/strong>Pour la constitution du dossier,  adressez-vous \u00e0 la mairie du domicile ou de la r\u00e9sidence de l&rsquo;un des futurs  \u00e9poux.<\/p>\n<p><strong><span style=\"text-decoration: underline;\">PACS<br \/>\n<\/span><\/strong>Pour conclure un Pacte Civil de Solidarit\u00e9,  adressez-vous au greffe du tribunal d&rsquo;instance de votre lieu de r\u00e9sidence  commune.<br \/>\n<strong><a href=\"http:\/\/vosdroits.service-public.fr\/particuliers\/N144.xhtml\" target=\"_blank\">Pour en  savoir plus, cliquez ici<\/a><\/strong><\/p>\n<p><strong><span style=\"text-decoration: underline;\">Comment faire pour demander un  passeport?<br \/>\n<\/span><\/strong>S&rsquo;adresser \u00e0 la mairie d&rsquo;Argentan ou de Briouze muni  de:<br \/>\n&#8211; 2 photos identiques et r\u00e9centes<br \/>\n&#8211; la carte d&rsquo;identit\u00e9 en cours de  validit\u00e9<br \/>\n&#8211; 1 jusitifcatif de domicile<br \/>\n&#8211; 1 timbre fiscal de 89 \u20ac pour un  majeur, 45 \u20ac pour un mineur de 15 ans et plus, 20 \u20ac pour un mineur de moins de  15 ans.<br \/>\n&#8211; 1 copie de l&rsquo;acte de naissance<br \/>\n(si renouvellement : passeport  p\u00e9rim\u00e9)<\/p>\n<p><strong><a href=\"http:\/\/vosdroits.service-public.fr\/particuliers\/N360.xhtml\" target=\"_blank\">Pour en  savoir plus, cliquez ici<\/a><\/strong><\/p>\n<p><strong><span style=\"text-decoration: underline;\">Comment faire pour vous inscrire sur la liste  \u00e9lectorale?<br \/>\n<\/span><\/strong>Vous pr\u00e9sentez \u00e0 la mairie de votre domicile avant  le 31 d\u00e9cembre muni:<br \/>\n&#8211; d&rsquo;une pi\u00e8ce d&rsquo;identit\u00e9<br \/>\n&#8211; d&rsquo;un justificatif de  domicile<br \/>\n&#8211; votre carte d&rsquo;\u00e9lecteur<\/p>\n<p><strong><a href=\"http:\/\/vosdroits.service-public.fr\/particuliers\/N47.xhtml\" target=\"_blank\"><span style=\"text-decoration: underline;\">Pour en  savoir plus, cliquez ici<\/span><\/a><\/strong><\/p>\n","protected":false},"excerpt":{"rendered":"<p>Comment faire pour demander une carte nationale d&rsquo;identit\u00e9? S&rsquo;adresser \u00e0 la mairie de votre domicile muni de : &#8211; 2 photos d&rsquo;identit\u00e9 identiques et r\u00e9centes &#8211; une copie int\u00e9grale d&rsquo;acte de naissance ou de livret de famille des parents &#8211; un justificatif de domicile &#8211; l&rsquo;ancienne carte \u00e0 renouveler ou la d\u00e9claration de perte + [&hellip;]<\/p>\n","protected":false},"author":1,"featured_media":0,"parent":18,"menu_order":0,"comment_status":"closed","ping_status":"closed","template":"","meta":{"footnotes":""},"class_list":["post-71","page","type-page","status-publish","hentry"],"_links":{"self":[{"href":"https:\/\/www.mairie-facilement.com\/index.php?rest_route=\/wp\/v2\/pages\/71","targetHints":{"allow":["GET"]}}],"collection":[{"href":"https:\/\/www.mairie-facilement.com\/index.php?rest_route=\/wp\/v2\/pages"}],"about":[{"href":"https:\/\/www.mairie-facilement.com\/index.php?rest_route=\/wp\/v2\/types\/page"}],"author":[{"embeddable":true,"href":"https:\/\/www.mairie-facilement.com\/index.php?rest_route=\/wp\/v2\/users\/1"}],"replies":[{"embeddable":true,"href":"https:\/\/www.mairie-facilement.com\/index.php?rest_route=%2Fwp%2Fv2%2Fcomments&post=71"}],"version-history":[{"count":2,"href":"https:\/\/www.mairie-facilement.com\/index.php?rest_route=\/wp\/v2\/pages\/71\/revisions"}],"predecessor-version":[{"id":73,"href":"https:\/\/www.mairie-facilement.com\/index.php?rest_route=\/wp\/v2\/pages\/71\/revisions\/73"}],"up":[{"embeddable":true,"href":"https:\/\/www.mairie-facilement.com\/index.php?rest_route=\/wp\/v2\/pages\/18"}],"wp:attachment":[{"href":"https:\/\/www.mairie-facilement.com\/index.php?rest_route=%2Fwp%2Fv2%2Fmedia&parent=71"}],"curies":[{"name":"wp","href":"https:\/\/api.w.org\/{rel}","templated":true}]}}