{"id":352,"date":"2020-11-22T12:15:48","date_gmt":"2020-11-22T10:15:48","guid":{"rendered":"http:\/\/www.mairie-facilement.com\/?page_id=352"},"modified":"2022-05-14T11:13:07","modified_gmt":"2022-05-14T09:13:07","slug":"afnic","status":"publish","type":"page","link":"https:\/\/www.mairie-facilement.com\/?page_id=352","title":{"rendered":"Afnic"},"content":{"rendered":"\n<p>L\u2019Afnic est l\u2019<strong>A<\/strong>ssociation <strong>F<\/strong>ran\u00e7aise pour le <strong>N<\/strong>ommage <strong>I<\/strong>nternet en <strong>C<\/strong>oop\u00e9ration.<\/p>\n\n\n\n<p>Elle est l\u2019office d\u2019enregistrement d\u00e9sign\u00e9 par l\u2019\u00c9tat pour la gestion des noms de domaine en .fr.<br>L\u2019Afnic g\u00e8re \u00e9galement les extensions ultramarines .re (\u00cele de la R\u00e9union), .pm (Saint-Pierre et Miquelon), .tf (Terres australes et antarctiques Fran\u00e7aises), .wf (Wallis et Futuna) et .yt (Mayotte).<\/p>\n\n\n\n<p>Outre la gestion des extensions fran\u00e7aises de l'internet, le r\u00f4le de l'Afnic s\u2019inscrit dans une mission d\u2019int\u00e9r\u00eat g\u00e9n\u00e9ral plus large, qui consiste \u00e0 contribuer au quotidien, gr\u00e2ce aux efforts de ses \u00e9quipes et de ses membres, \u00e0 un internet s\u00fbr et stable, ouvert aux innovations et o\u00f9 la communaut\u00e9 internet fran\u00e7aise joue un r\u00f4le de premier plan.<br>Ainsi, l\u2019Afnic, association \u00e0 but non lucratif, reverse 90 % de ses b\u00e9n\u00e9fices \u00e0 sa Fondation pour la solidarit\u00e9 num\u00e9rique.<br>L\u2019Afnic est \u00e9galement l\u2019op\u00e9rateur technique de registre d\u2019entreprises et collectivit\u00e9s ayant choisi d\u2019avoir leur propre extension, telle que .paris, .bzh, .alsace, .corsica, .mma, .ovh, .leclerc ou .sncf.<\/p>\n\n\n\n<hr class=\"wp-block-separator\"\/>\n\n\n\n<h5 class=\"wp-block-heading\"><strong>Touriciel<\/strong>, est accr\u00e9dit\u00e9 ''bureau enregistrement'' AFNIC <img decoding=\"async\" src=\"images\/headers\/touriciel-afnic.jpg\" alt=\"touriciel afnic\">depuis 1996 : N\u00b0 d'accr\u00e9ditation [<a href=\"https:\/\/www.afnic.fr\/fr\/votre-nom-de-domaine\/comment-choisir-et-creer-mon-nom-de-domaine\/annuaire-des-bureaux-d-enregistrement\/1927\/show\/1927.html?name=&amp;country=FR&amp;region=9924&amp;page=2\" target=\"_blank\" rel=\"noreferrer noopener\">AC_0464<\/a>]<\/h5>\n\n\n\n<p>Un bureau d\u2019enregistrement accr\u00e9dit\u00e9e par l'Afnic est une soci\u00e9t\u00e9 prestataire de service (fournisseur d'acc\u00e8s \u00e0 Internet, h\u00e9bergeur, agence web, ...) qui est le partenaire privil\u00e9gi\u00e9 aupr\u00e8s des professionnels et des particuliers, pour la d\u00e9claration et l'enregistrement des noms de domaines : .FR, .RE, .PM, .TF, .WF, .YT.<\/p>\n\n\n\n<p>Il est l'interm\u00e9diaire technique indispensable obligatoire pour la r\u00e9servation et le d\u00e9p\u00f4t<strong> d\u2019un nom de domaine<\/strong>, entre le propri\u00e9taire et l'AFNIC organisme officiel.<\/p>\n\n\n\n<p><span style=\"text-decoration: underline;\">Son r\u00f4le est d\u2019assurer l'ensemble des d\u00e9marches :<\/span><\/p>\n\n\n\n<ul class=\"wp-block-list\"><li>cr\u00e9ation de nom<\/li><li>renouvellement de nom<\/li><li>transfert entre prestataire<\/li><li>changement de titulaire (propri\u00e9taire)<\/li><li>suppression de nom de domaine<\/li><li>r\u00e9servation<\/li><\/ul>\n\n\n\n<p>Il existe aujourd\u2019hui environ 400 bureaux d'enregistrement accr\u00e9dit\u00e9s par l\u2019Afnic proposant les services de noms de domaines.<\/p>\n\n\n\n<hr class=\"wp-block-separator\"\/>\n\n\n\n<p><\/p>\n","protected":false},"excerpt":{"rendered":"<p>L\u2019Afnic est l\u2019Association Fran\u00e7aise pour le Nommage Internet en Coop\u00e9ration. Elle est l\u2019office d\u2019enregistrement d\u00e9sign\u00e9 par l\u2019\u00c9tat pour la gestion des noms de domaine en .fr.L\u2019Afnic g\u00e8re \u00e9galement les extensions ultramarines .re (\u00cele de la R\u00e9union), .pm (Saint-Pierre et Miquelon), .tf (Terres australes et antarctiques Fran\u00e7aises), .wf (Wallis et Futuna) et .yt (Mayotte). Outre la [&hellip;]<\/p>\n","protected":false},"author":1,"featured_media":0,"parent":0,"menu_order":5,"comment_status":"closed","ping_status":"closed","template":"","meta":{"footnotes":""},"class_list":["post-352","page","type-page","status-publish","hentry"],"_links":{"self":[{"href":"https:\/\/www.mairie-facilement.com\/index.php?rest_route=\/wp\/v2\/pages\/352","targetHints":{"allow":["GET"]}}],"collection":[{"href":"https:\/\/www.mairie-facilement.com\/index.php?rest_route=\/wp\/v2\/pages"}],"about":[{"href":"https:\/\/www.mairie-facilement.com\/index.php?rest_route=\/wp\/v2\/types\/page"}],"author":[{"embeddable":true,"href":"https:\/\/www.mairie-facilement.com\/index.php?rest_route=\/wp\/v2\/users\/1"}],"replies":[{"embeddable":true,"href":"https:\/\/www.mairie-facilement.com\/index.php?rest_route=%2Fwp%2Fv2%2Fcomments&post=352"}],"version-history":[{"count":5,"href":"https:\/\/www.mairie-facilement.com\/index.php?rest_route=\/wp\/v2\/pages\/352\/revisions"}],"predecessor-version":[{"id":398,"href":"https:\/\/www.mairie-facilement.com\/index.php?rest_route=\/wp\/v2\/pages\/352\/revisions\/398"}],"wp:attachment":[{"href":"https:\/\/www.mairie-facilement.com\/index.php?rest_route=%2Fwp%2Fv2%2Fmedia&parent=352"}],"curies":[{"name":"wp","href":"https:\/\/api.w.org\/{rel}","templated":true}]}}