{"id":300,"date":"2020-04-11T10:22:56","date_gmt":"2020-04-11T08:22:56","guid":{"rendered":"http:\/\/www.mairie-facilement.com\/?page_id=300"},"modified":"2020-04-11T10:25:37","modified_gmt":"2020-04-11T08:25:37","slug":"webmail","status":"publish","type":"page","link":"https:\/\/www.mairie-facilement.com\/?page_id=300","title":{"rendered":"WebMail"},"content":{"rendered":"<p class=\"alert\"><strong>Solution de messagerie li\u00e9 \u00e0 votre nom de domaine , exemple : (info[@]mondomaine.com)<\/strong><\/p>\n<p>Solution personnelle et professionnelle de messagerie : <strong>WebMail RoundCube<\/strong><\/p>\n<p>Langue : Fran\u00e7ais (Anglais, allemand, espagnol, Nederland )<br \/>\nCapacit\u00e9 20 M\u00b0<br \/>\nMots de passe : G\u00e9r\u00e9 par l&rsquo;utilisateur<br \/>\nS\u00e9curit\u00e9 : Protocole s\u00e9curis\u00e9 : https (ssl)<\/p>\n<p><strong>Navigateurs compatibles<\/strong><\/p>\n<p>Firefox Edge<br \/>\nChrome<br \/>\nInternet explorer derni\u00e8re version<\/p>\n<p><strong>Configuration<\/strong><\/p>\n<p>Mode serveur IMAP<br \/>\nS\u00e9curit\u00e9 connexion STARTTLS<\/p>\n<p><em><strong>Nom de domaine Non inclus<\/strong><\/em><\/p>\n","protected":false},"excerpt":{"rendered":"<p>Solution de messagerie WebMail RoundCube professionnelle<\/p>\n","protected":false},"author":2,"featured_media":0,"parent":16,"menu_order":2,"comment_status":"closed","ping_status":"closed","template":"","meta":{"footnotes":""},"class_list":["post-300","page","type-page","status-publish","hentry"],"_links":{"self":[{"href":"https:\/\/www.mairie-facilement.com\/index.php?rest_route=\/wp\/v2\/pages\/300","targetHints":{"allow":["GET"]}}],"collection":[{"href":"https:\/\/www.mairie-facilement.com\/index.php?rest_route=\/wp\/v2\/pages"}],"about":[{"href":"https:\/\/www.mairie-facilement.com\/index.php?rest_route=\/wp\/v2\/types\/page"}],"author":[{"embeddable":true,"href":"https:\/\/www.mairie-facilement.com\/index.php?rest_route=\/wp\/v2\/users\/2"}],"replies":[{"embeddable":true,"href":"https:\/\/www.mairie-facilement.com\/index.php?rest_route=%2Fwp%2Fv2%2Fcomments&post=300"}],"version-history":[{"count":2,"href":"https:\/\/www.mairie-facilement.com\/index.php?rest_route=\/wp\/v2\/pages\/300\/revisions"}],"predecessor-version":[{"id":302,"href":"https:\/\/www.mairie-facilement.com\/index.php?rest_route=\/wp\/v2\/pages\/300\/revisions\/302"}],"up":[{"embeddable":true,"href":"https:\/\/www.mairie-facilement.com\/index.php?rest_route=\/wp\/v2\/pages\/16"}],"wp:attachment":[{"href":"https:\/\/www.mairie-facilement.com\/index.php?rest_route=%2Fwp%2Fv2%2Fmedia&parent=300"}],"curies":[{"name":"wp","href":"https:\/\/api.w.org\/{rel}","templated":true}]}}